{"id":1239,"date":"2018-07-10T14:47:08","date_gmt":"2018-07-10T14:47:08","guid":{"rendered":"http:\/\/barkais.org\/?page_id=1239"},"modified":"2018-08-31T10:19:45","modified_gmt":"2018-08-31T10:19:45","slug":"poszukiwany-asystent-w-reykjaviku-wersja-polska","status":"publish","type":"page","link":"http:\/\/barkais.org\/?page_id=1239","title":{"rendered":"Poszukiwany Asystent w Reykjaviku (wersja polska)"},"content":{"rendered":"<p>Fundacja Barka poszukuje pracownika programu pomocy bezdomnym obywatelom kraj\u00f3w Europy \u015arodkowo- Wschodniej w Reykjaviku.<\/p>\n<p>Fundacja Barka poszukuje pracownika\u00a0 programu pomocy bezdomnym obywatelom kraj\u00f3w Europy \u015arodkowo-Wschodniej w Reykjaviku.\u00a0 Barka prowadzi od 10 lat programy pomocowe m.in. w Londynie, Dublinie, Hadze, Rotterdamie, Antwerpii. Projekt\u00a0 prowadzony b\u0119dzie we wsp\u00f3\u0142pracy z Urz\u0119dem Miasta Reykjavik.\u00a0 Jego celem jest pomoc obywatelom kraj\u00f3w Europy \u015arodkowo-Wschodniej w wyj\u015bciu z bezdomno\u015bci, uzale\u017cnie\u0144 i innych trudno\u015bci \u017cyciowych. Projekt b\u0119dzie prowadzi\u0107 angielski oddzia\u0142 fundacji Barka.<\/p>\n<p>Strony internetowe Fundacji Barka w Polsce oraz angielskiego oddzia\u0142u: <a href=\"http:\/\/www.barka.org.pl\">www.barka.org.pl<\/a>, <a href=\"http:\/\/www.barkauk.org\">www.barkauk.org<\/a>.<\/p>\n<p>Opis stanowiska pracy: praca w dwuosobowym zespole z osob\u0105 maj\u0105c\u0105 osobiste do\u015bwiadczenie bezdomno\u015bci i uzale\u017cnie\u0144, kt\u00f3re przezwyci\u0119\u017cy\u0142a; praca w miejscach pobytu os\u00f3b bezdomnych w Reykjaviku ( noclegownia, centra dziennego pobytu i inne miejsca).<\/p>\n<p>Wymagania: narodowo\u015b\u0107 polska, wykszta\u0142cenie wy\u017csze ( preferowane nauki spo\u0142eczne), dobra znajomo\u015b\u0107 j.angielskiego, znajomo\u015b\u0107 j.islandzkiego b\u0119dzie dodatkowym atutem, gotowo\u015b\u0107 do odbycia dwutygodniowego szkolenia w Holandii i Polsce jako etap rekrutacji.<\/p>\n<p>Miejsce pracy : Reykjavik<\/p>\n<p>Wymiar czasu pracy: pe\u0142en etat<\/p>\n<p>Przewidywany czas\u00a0 rozpocz\u0119cia pracy: pazdziernik \u00a02018 (kontrakt na okres 3 miesiecy).<\/p>\n<p>Pierwszym etapem rekrutacji b\u0119dzie rozmowa kwalifikacyjna\u00a0 w Reykjaviku. Drugim etapem rekrutacji b\u0119dzie dwutygodniowe szkolenie w Holandii i w Polsce, w projektach Fundacji Barka.<\/p>\n<p>Osoby zainteresowane prosimy o przes\u0142anie cv oraz listu motywacyjnego na adres: office@barkanl.org do 5go wrzesnia 2018.<\/p>\n","protected":false},"excerpt":{"rendered":"<p>Fundacja Barka poszukuje pracownika programu pomocy bezdomnym obywatelom kraj\u00f3w Europy \u015arodkowo- Wschodniej w Reykjaviku. Fundacja Barka poszukuje pracownika\u00a0 programu pomocy bezdomnym obywatelom kraj\u00f3w Europy \u015arodkowo-Wschodniej w Reykjaviku.\u00a0 Barka prowadzi od 10 lat programy pomocowe m.in. w Londynie, Dublinie, Hadze, Rotterdamie, &hellip; <a href=\"http:\/\/barkais.org\/?page_id=1239\">Czytaj dalej <span class=\"meta-nav\">&rarr;<\/span><\/a><\/p>\n","protected":false},"author":1,"featured_media":0,"parent":978,"menu_order":0,"comment_status":"closed","ping_status":"closed","template":"","meta":[],"_links":{"self":[{"href":"http:\/\/barkais.org\/index.php?rest_route=\/wp\/v2\/pages\/1239"}],"collection":[{"href":"http:\/\/barkais.org\/index.php?rest_route=\/wp\/v2\/pages"}],"about":[{"href":"http:\/\/barkais.org\/index.php?rest_route=\/wp\/v2\/types\/page"}],"author":[{"embeddable":true,"href":"http:\/\/barkais.org\/index.php?rest_route=\/wp\/v2\/users\/1"}],"replies":[{"embeddable":true,"href":"http:\/\/barkais.org\/index.php?rest_route=%2Fwp%2Fv2%2Fcomments&post=1239"}],"version-history":[{"count":4,"href":"http:\/\/barkais.org\/index.php?rest_route=\/wp\/v2\/pages\/1239\/revisions"}],"predecessor-version":[{"id":1268,"href":"http:\/\/barkais.org\/index.php?rest_route=\/wp\/v2\/pages\/1239\/revisions\/1268"}],"up":[{"embeddable":true,"href":"http:\/\/barkais.org\/index.php?rest_route=\/wp\/v2\/pages\/978"}],"wp:attachment":[{"href":"http:\/\/barkais.org\/index.php?rest_route=%2Fwp%2Fv2%2Fmedia&parent=1239"}],"curies":[{"name":"wp","href":"https:\/\/api.w.org\/{rel}","templated":true}]}}